{"id":2065,"date":"2022-08-15T21:12:37","date_gmt":"2022-08-15T21:12:37","guid":{"rendered":"https:\/\/cranemeditation.com\/?page_id=2065"},"modified":"2022-08-15T21:35:31","modified_gmt":"2022-08-15T21:35:31","slug":"widerrufsbelehrung","status":"publish","type":"page","link":"https:\/\/cranemeditation.com\/en\/impressum\/widerrufsbelehrung\/","title":{"rendered":"Cancellation Policy"},"content":{"rendered":"<div data-elementor-type=\"wp-page\" data-elementor-id=\"2065\" class=\"elementor elementor-2065\" data-elementor-post-type=\"page\">\n\t\t\t\t\t\t<section class=\"elementor-section elementor-top-section elementor-element elementor-element-5655d29 elementor-section-boxed elementor-section-height-default elementor-section-height-default\" data-id=\"5655d29\" data-element_type=\"section\" data-e-type=\"section\">\n\t\t\t\t\t\t<div class=\"elementor-container elementor-column-gap-default\">\n\t\t\t\t\t<div class=\"elementor-column elementor-col-100 elementor-top-column elementor-element elementor-element-e2a2684\" data-id=\"e2a2684\" data-element_type=\"column\" data-e-type=\"column\">\n\t\t\t<div class=\"elementor-widget-wrap elementor-element-populated\">\n\t\t\t\t\t\t<div class=\"elementor-element elementor-element-f9cf481 elementor-widget elementor-widget-heading\" data-id=\"f9cf481\" data-element_type=\"widget\" data-e-type=\"widget\" data-widget_type=\"heading.default\">\n\t\t\t\t<div class=\"elementor-widget-container\">\n\t\t\t\t\t<h2 class=\"elementor-heading-title elementor-size-default\">Cancellation Policy<\/h2>\t\t\t\t<\/div>\n\t\t\t\t<\/div>\n\t\t\t\t\t<\/div>\n\t\t<\/div>\n\t\t\t\t\t<\/div>\n\t\t<\/section>\n\t\t\t\t<section class=\"elementor-section elementor-top-section elementor-element elementor-element-5445044 elementor-section-boxed elementor-section-height-default elementor-section-height-default\" data-id=\"5445044\" data-element_type=\"section\" data-e-type=\"section\">\n\t\t\t\t\t\t<div class=\"elementor-container elementor-column-gap-default\">\n\t\t\t\t\t<div class=\"elementor-column elementor-col-100 elementor-top-column elementor-element elementor-element-5e12dcf\" data-id=\"5e12dcf\" data-element_type=\"column\" data-e-type=\"column\">\n\t\t\t<div class=\"elementor-widget-wrap elementor-element-populated\">\n\t\t\t\t\t\t<div class=\"elementor-element elementor-element-6f42c6c elementor-widget elementor-widget-text-editor\" data-id=\"6f42c6c\" data-element_type=\"widget\" data-e-type=\"widget\" data-widget_type=\"text-editor.default\">\n\t\t\t\t<div class=\"elementor-widget-container\">\n\t\t\t\t\t\t\t\t\t<p>A consumer is any natural person who enters into a legal transaction for purposes that can predominantly be attributed neither to his commercial nor to his independent professional activity.<\/p>\t\t\t\t\t\t\t\t<\/div>\n\t\t\t\t<\/div>\n\t\t\t\t<div class=\"elementor-element elementor-element-62604ac elementor-widget elementor-widget-heading\" data-id=\"62604ac\" data-element_type=\"widget\" data-e-type=\"widget\" data-widget_type=\"heading.default\">\n\t\t\t\t<div class=\"elementor-widget-container\">\n\t\t\t\t\t<h4 class=\"elementor-heading-title elementor-size-default\">Right of Withdrawal<\/h4>\t\t\t\t<\/div>\n\t\t\t\t<\/div>\n\t\t\t\t<div class=\"elementor-element elementor-element-ecf056f elementor-widget elementor-widget-text-editor\" data-id=\"ecf056f\" data-element_type=\"widget\" data-e-type=\"widget\" data-widget_type=\"text-editor.default\">\n\t\t\t\t<div class=\"elementor-widget-container\">\n\t\t\t\t\t\t\t\t\t<p>You have the right to cancel this contract within fourteen days without giving any reason. The withdrawal period is fourteen days from the day on which you or a third party named by you, who is not the carrier, have taken or has taken possession of the last goods. To exercise your right of withdrawal, you must inform us (Mr. Frank Yukio Nedwed, Ruhestra\u00dfe 12, 55127 Mainz, phone number: 015202142793 , EMail address: info@cranemeditation.com) by means of a clear statement (e.g. a letter sent by mail or an email) about your decision to withdraw from this contract. You can use the attached sample withdrawal form for this purpose, which is, however, not mandatory. To comply with the withdrawal period, it is sufficient that you send the notification of the exercise of the right of withdrawal before the expiry of the withdrawal period.<\/p>\t\t\t\t\t\t\t\t<\/div>\n\t\t\t\t<\/div>\n\t\t\t\t\t<\/div>\n\t\t<\/div>\n\t\t\t\t\t<\/div>\n\t\t<\/section>\n\t\t\t\t<section class=\"elementor-section elementor-top-section elementor-element elementor-element-10fcd00 elementor-section-boxed elementor-section-height-default elementor-section-height-default\" data-id=\"10fcd00\" data-element_type=\"section\" data-e-type=\"section\">\n\t\t\t\t\t\t<div class=\"elementor-container elementor-column-gap-default\">\n\t\t\t\t\t<div class=\"elementor-column elementor-col-100 elementor-top-column elementor-element elementor-element-e5ecc62\" data-id=\"e5ecc62\" data-element_type=\"column\" data-e-type=\"column\">\n\t\t\t<div class=\"elementor-widget-wrap elementor-element-populated\">\n\t\t\t\t\t\t<div class=\"elementor-element elementor-element-fd82fc7 elementor-widget elementor-widget-heading\" data-id=\"fd82fc7\" data-element_type=\"widget\" data-e-type=\"widget\" data-widget_type=\"heading.default\">\n\t\t\t\t<div class=\"elementor-widget-container\">\n\t\t\t\t\t<h4 class=\"elementor-heading-title elementor-size-default\">Consequences of the Revocation<\/h4>\t\t\t\t<\/div>\n\t\t\t\t<\/div>\n\t\t\t\t<div class=\"elementor-element elementor-element-19f1c15 elementor-widget elementor-widget-text-editor\" data-id=\"19f1c15\" data-element_type=\"widget\" data-e-type=\"widget\" data-widget_type=\"text-editor.default\">\n\t\t\t\t<div class=\"elementor-widget-container\">\n\t\t\t\t\t\t\t\t\t<p>If you revoke this contract, we shall reimburse you all payments we have received from you, including delivery costs (with the exception of additional costs resulting from the fact that you have chosen a type of delivery other than the most favorable standard delivery offered by us), without undue delay and no later than within fourteen days from the day on which we received the notification of your revocation of this contract. For this repayment, we will use the same means of payment that you used for the original transaction, unless expressly agreed otherwise with you; in no case will you be charged any fees because of this repayment. We may refuse repayment until we have received the goods back or until you have provided proof that you have returned the goods, whichever is the earlier. You must return or hand over the goods to us without undue delay and in any case no later than within fourteen days from the day on which you notify us of the revocation of this contract. The deadline is met if you send the goods before the expiry of the period of fourteen days. You shall bear the direct costs of returning the goods. The costs are estimated at a maximum of about 100 EUR. You will only have to pay for any loss in value of the goods if this loss in value is due to handling of the goods that is not necessary for testing the condition, properties and functioning of the goods.<\/p>\t\t\t\t\t\t\t\t<\/div>\n\t\t\t\t<\/div>\n\t\t\t\t\t<\/div>\n\t\t<\/div>\n\t\t\t\t\t<\/div>\n\t\t<\/section>\n\t\t\t\t<section class=\"elementor-section elementor-top-section elementor-element elementor-element-874fb3b elementor-section-boxed elementor-section-height-default elementor-section-height-default\" data-id=\"874fb3b\" data-element_type=\"section\" data-e-type=\"section\">\n\t\t\t\t\t\t<div class=\"elementor-container elementor-column-gap-default\">\n\t\t\t\t\t<div class=\"elementor-column elementor-col-100 elementor-top-column elementor-element elementor-element-9c9af5a\" data-id=\"9c9af5a\" data-element_type=\"column\" data-e-type=\"column\">\n\t\t\t<div class=\"elementor-widget-wrap elementor-element-populated\">\n\t\t\t\t\t\t<div class=\"elementor-element elementor-element-a532d52 elementor-widget elementor-widget-heading\" data-id=\"a532d52\" data-element_type=\"widget\" data-e-type=\"widget\" data-widget_type=\"heading.default\">\n\t\t\t\t<div class=\"elementor-widget-container\">\n\t\t\t\t\t<h4 class=\"elementor-heading-title elementor-size-default\">Exclusion or Premature Expiration of the Right of Withdrawal<\/h4>\t\t\t\t<\/div>\n\t\t\t\t<\/div>\n\t\t\t\t<div class=\"elementor-element elementor-element-eceeaef elementor-widget elementor-widget-text-editor\" data-id=\"eceeaef\" data-element_type=\"widget\" data-e-type=\"widget\" data-widget_type=\"text-editor.default\">\n\t\t\t\t<div class=\"elementor-widget-container\">\n\t\t\t\t\t\t\t\t\t<p>The right of withdrawal does not apply to contracts<\/p><ul><li>for the delivery of goods that are not prefabricated and for the production of which an individual selection or determination by the consumer is decisive or which are clearly tailored to the personal needs of the consumer. Thus, in particular goods which are made as part of individually commissioned commissions are excluded from the right of withdrawal.<\/li><li>for the delivery of goods that can spoil quickly or whose expiration date would be quickly exceeded<\/li><li>for the delivery of alcoholic beverages, the price of which was agreed upon at the time of the conclusion of the contract, but which can be delivered at the earliest 30 days after the conclusion of the contract and the current value of which depends on fluctuations on the market over which the entrepreneur has no influence<\/li><li>for the delivery of newspapers, periodicals or magazines with the exception of subscription contracts.<\/li><\/ul><p>The right of withdrawal expires prematurely in the case of contracts<\/p><ul><li>for the delivery of sealed goods if these are opened in any way after delivery or if their seal is damaged by third-party action that is not attributable to transport. This means in particular that the right of withdrawal expires prematurely for works that are opened or whose seal is removed after receipt.<\/li><li>for the delivery of goods if these have been inseparably mixed with other goods after delivery due to their nature<\/li><li>for the delivery of sealed goods that are not suitable for return for reasons of health protection or hygiene, if their seal was removed after delivery.<\/li><li>for the delivery of sound or video recordings or computer software in a sealed package, if the seal has been removed after delivery.<\/li><\/ul>\t\t\t\t\t\t\t\t<\/div>\n\t\t\t\t<\/div>\n\t\t\t\t\t<\/div>\n\t\t<\/div>\n\t\t\t\t\t<\/div>\n\t\t<\/section>\n\t\t\t\t<\/div>","protected":false},"excerpt":{"rendered":"<p>Widerrufsbelehrung Verbraucher ist jede nat\u00fcrliche Person, die ein Rechtsgesch\u00e4ft zu Zwecken abschlie\u00dft, die \u00fcberwiegend weder ihrer gewerblichen noch ihrer selbst\u00e4ndigen beruflichen T\u00e4tigkeit zugerechnet werden k\u00f6nnen. Widerrufsrecht Sie haben das Recht, binnen vierzehn Tagen ohne Angabe von Gr\u00fcnden diesen Vertrag zu &hellip;<\/p>\n<p class=\"read-more\"> <a class=\"more-link\" href=\"https:\/\/cranemeditation.com\/en\/impressum\/widerrufsbelehrung\/\"> <span class=\"screen-reader-text\">Cancellation Policy<\/span> Read More &raquo;<\/a><\/p>","protected":false},"author":1,"featured_media":0,"parent":314,"menu_order":0,"comment_status":"closed","ping_status":"closed","template":"elementor_header_footer","meta":{"_monsterinsights_skip_tracking":false,"_monsterinsights_sitenote_active":false,"_monsterinsights_sitenote_note":"","_monsterinsights_sitenote_category":0,"footnotes":""},"class_list":["post-2065","page","type-page","status-publish","hentry"],"aioseo_notices":[],"_links":{"self":[{"href":"https:\/\/cranemeditation.com\/en\/wp-json\/wp\/v2\/pages\/2065","targetHints":{"allow":["GET"]}}],"collection":[{"href":"https:\/\/cranemeditation.com\/en\/wp-json\/wp\/v2\/pages"}],"about":[{"href":"https:\/\/cranemeditation.com\/en\/wp-json\/wp\/v2\/types\/page"}],"author":[{"embeddable":true,"href":"https:\/\/cranemeditation.com\/en\/wp-json\/wp\/v2\/users\/1"}],"replies":[{"embeddable":true,"href":"https:\/\/cranemeditation.com\/en\/wp-json\/wp\/v2\/comments?post=2065"}],"version-history":[{"count":27,"href":"https:\/\/cranemeditation.com\/en\/wp-json\/wp\/v2\/pages\/2065\/revisions"}],"predecessor-version":[{"id":2093,"href":"https:\/\/cranemeditation.com\/en\/wp-json\/wp\/v2\/pages\/2065\/revisions\/2093"}],"up":[{"embeddable":true,"href":"https:\/\/cranemeditation.com\/en\/wp-json\/wp\/v2\/pages\/314"}],"wp:attachment":[{"href":"https:\/\/cranemeditation.com\/en\/wp-json\/wp\/v2\/media?parent=2065"}],"curies":[{"name":"wp","href":"https:\/\/api.w.org\/{rel}","templated":true}]}}