{"id":314,"date":"2022-05-10T21:07:53","date_gmt":"2022-05-10T21:07:53","guid":{"rendered":"https:\/\/cranemeditation.com\/?page_id=314"},"modified":"2022-05-23T19:58:16","modified_gmt":"2022-05-23T19:58:16","slug":"impressum","status":"publish","type":"page","link":"https:\/\/cranemeditation.com\/en\/impressum\/","title":{"rendered":"Imprint"},"content":{"rendered":"<div data-elementor-type=\"wp-page\" data-elementor-id=\"314\" class=\"elementor elementor-314\" data-elementor-post-type=\"page\">\n\t\t\t\t\t\t<section class=\"elementor-section elementor-top-section elementor-element elementor-element-c1b0359 elementor-section-boxed elementor-section-height-default elementor-section-height-default\" data-id=\"c1b0359\" data-element_type=\"section\" data-e-type=\"section\">\n\t\t\t\t\t\t<div class=\"elementor-container elementor-column-gap-default\">\n\t\t\t\t\t<div class=\"elementor-column elementor-col-100 elementor-top-column elementor-element elementor-element-db1bd3d\" data-id=\"db1bd3d\" data-element_type=\"column\" data-e-type=\"column\">\n\t\t\t<div class=\"elementor-widget-wrap elementor-element-populated\">\n\t\t\t\t\t\t<div class=\"elementor-element elementor-element-a00c468 elementor-widget elementor-widget-text-editor\" data-id=\"a00c468\" data-element_type=\"widget\" data-e-type=\"widget\" data-widget_type=\"text-editor.default\">\n\t\t\t\t<div class=\"elementor-widget-container\">\n\t\t\t\t\t\t\t\t\t<h1>Imprint<\/h1><h2><strong>Disclaimer<\/strong><\/h2><p>We expressly declare that at the time of linking, the linked pages were free of illegal content. Furthermore, no guarantee is given that the information provided on this website is complete, correct and in any case up-to-date. This also applies to all links\/connections to which this website refers directly or indirectly. We have no influence whatsoever on the current and future design and content of the linked pages and are not responsible for the content of a page reached via such a link\/connection.<\/p><h2><strong>Copyright notice<\/strong><\/h2><p>We endeavour to observe the copyrights of the graphics and texts used in all publications, to use graphics and texts created by ourselves or to use licence-free graphics and texts. All brand names and trademarks mentioned on the website and possibly protected by third parties are subject without restriction to the provisions of the applicable trademark law and the ownership rights of the respective registered owners.<\/p><h2><strong>Copyright<\/strong><\/h2><p>The copyright for published, self-created objects remains solely with the operator. Reproduction or use of the graphics and texts in other electronic or printed publications is not permitted without express consent.<\/p><h2>Information according to \u00a7 5 TMG<\/h2><p>Frank Yukio Nedwed<br \/>FYNTech Frank Yukio Nedwed Technology Consulting<br \/>Ruhestra\u00dfe 12<br \/>55127 Mainz<\/p><h2>Contact<\/h2><p class=\"translation-block\">Phone: +49 (0) 152 021 427 93<br>Fax: +49 (0) 152 021 427 93<br>E-mail: info@fyntech.de<\/p><h2>VAT ID<\/h2><p class=\"translation-block\">Sales tax identification number pursuant to \u00a7 27 a of the German Sales Tax Act: <br>DE344936820 <\/br><\/p><h2>Details of professional liability insurance<\/h2><p class=\"translation-block\"><strong>Name and registered office of the insurer:<\/strong> <br> Hiscox SA <br> Arnulfstra\u00dfe 31 <br>80636 Munich, Germany<\/p><p class=\"translation-block\"><strong>Area of validity of the insurance:<\/strong><br>Germany<\/p><h2>Editorially responsible<\/h2><p>Frank Yukio Nedwed<br \/>Ruhestra\u00dfe 12<br \/>55127 Mainz<\/p><h2>EU dispute resolution<\/h2><p class=\"translation-block\">The European Commission provides a platform for online dispute resolution (ODR): <a href=\"https:\/\/ec.europa.eu\/consumers\/odr\/\" target=\"_blank\" rel=\"noopener noreferrer\">https:\/\/ec.europa.eu\/consumers\/odr\/<\/a>.<br> You can find our e-mail address in the imprint above.<\/p>\t\t\t\t\t\t\t\t<\/div>\n\t\t\t\t<\/div>\n\t\t\t\t\t<\/div>\n\t\t<\/div>\n\t\t\t\t\t<\/div>\n\t\t<\/section>\n\t\t\t\t<\/div>","protected":false},"excerpt":{"rendered":"<p>Impressum Haftungsausschluss Wir erkl\u00e4ren ausdr\u00fccklich, dass zum Zeitpunkt einer Linksetzung die entsprechend verlinkten Seiten frei von illegalen Inhalten waren. Des weiteren wird keine Garantie daf\u00fcr \u00fcbernommen, dass die auf dieser Website bereitgestellten Informationen vollst\u00e4ndig, richtig und in jedem Fall aktuell &hellip;<\/p>\n<p class=\"read-more\"> <a class=\"more-link\" href=\"https:\/\/cranemeditation.com\/en\/impressum\/\"> <span class=\"screen-reader-text\">Imprint<\/span> Read More &raquo;<\/a><\/p>","protected":false},"author":1,"featured_media":0,"parent":0,"menu_order":0,"comment_status":"closed","ping_status":"closed","template":"elementor_header_footer","meta":{"_monsterinsights_skip_tracking":false,"_monsterinsights_sitenote_active":false,"_monsterinsights_sitenote_note":"","_monsterinsights_sitenote_category":0,"footnotes":""},"class_list":["post-314","page","type-page","status-publish","hentry"],"aioseo_notices":[],"_links":{"self":[{"href":"https:\/\/cranemeditation.com\/en\/wp-json\/wp\/v2\/pages\/314","targetHints":{"allow":["GET"]}}],"collection":[{"href":"https:\/\/cranemeditation.com\/en\/wp-json\/wp\/v2\/pages"}],"about":[{"href":"https:\/\/cranemeditation.com\/en\/wp-json\/wp\/v2\/types\/page"}],"author":[{"embeddable":true,"href":"https:\/\/cranemeditation.com\/en\/wp-json\/wp\/v2\/users\/1"}],"replies":[{"embeddable":true,"href":"https:\/\/cranemeditation.com\/en\/wp-json\/wp\/v2\/comments?post=314"}],"version-history":[{"count":7,"href":"https:\/\/cranemeditation.com\/en\/wp-json\/wp\/v2\/pages\/314\/revisions"}],"predecessor-version":[{"id":767,"href":"https:\/\/cranemeditation.com\/en\/wp-json\/wp\/v2\/pages\/314\/revisions\/767"}],"wp:attachment":[{"href":"https:\/\/cranemeditation.com\/en\/wp-json\/wp\/v2\/media?parent=314"}],"curies":[{"name":"wp","href":"https:\/\/api.w.org\/{rel}","templated":true}]}}