{"id":575,"date":"2022-05-22T00:13:06","date_gmt":"2022-05-22T00:13:06","guid":{"rendered":"https:\/\/cranemeditation.com\/?page_id=575"},"modified":"2022-07-31T22:32:03","modified_gmt":"2022-07-31T22:32:03","slug":"kommissionen","status":"publish","type":"page","link":"https:\/\/cranemeditation.com\/en\/kommissionen\/","title":{"rendered":"Commissions"},"content":{"rendered":"<div data-elementor-type=\"wp-page\" data-elementor-id=\"575\" class=\"elementor elementor-575\" data-elementor-post-type=\"page\">\n\t\t\t\t\t\t<section class=\"elementor-section elementor-top-section elementor-element elementor-element-0d1a853 elementor-section-boxed elementor-section-height-default elementor-section-height-default\" data-id=\"0d1a853\" data-element_type=\"section\" data-e-type=\"section\">\n\t\t\t\t\t\t<div class=\"elementor-container elementor-column-gap-default\">\n\t\t\t\t\t<div class=\"elementor-column elementor-col-100 elementor-top-column elementor-element elementor-element-557f5d0\" data-id=\"557f5d0\" data-element_type=\"column\" data-e-type=\"column\">\n\t\t\t<div class=\"elementor-widget-wrap elementor-element-populated\">\n\t\t\t\t\t\t<div class=\"elementor-element elementor-element-86dcbfa elementor-widget elementor-widget-heading\" data-id=\"86dcbfa\" data-element_type=\"widget\" data-e-type=\"widget\" data-widget_type=\"heading.default\">\n\t\t\t\t<div class=\"elementor-widget-container\">\n\t\t\t\t\t<h1 class=\"elementor-heading-title elementor-size-default\">Commission Pieces<\/h1>\t\t\t\t<\/div>\n\t\t\t\t<\/div>\n\t\t\t\t\t<\/div>\n\t\t<\/div>\n\t\t\t\t\t<\/div>\n\t\t<\/section>\n\t\t\t\t<section class=\"elementor-section elementor-top-section elementor-element elementor-element-7306b0d elementor-section-content-middle elementor-section-boxed elementor-section-height-default elementor-section-height-default\" data-id=\"7306b0d\" data-element_type=\"section\" data-e-type=\"section\">\n\t\t\t\t\t\t<div class=\"elementor-container elementor-column-gap-default\">\n\t\t\t\t\t<div class=\"elementor-column elementor-col-50 elementor-top-column elementor-element elementor-element-43b2c75\" data-id=\"43b2c75\" data-element_type=\"column\" data-e-type=\"column\">\n\t\t\t<div class=\"elementor-widget-wrap elementor-element-populated\">\n\t\t\t\t\t\t<div class=\"elementor-element elementor-element-17b1aa1 elementor-widget elementor-widget-image\" data-id=\"17b1aa1\" data-element_type=\"widget\" data-e-type=\"widget\" data-widget_type=\"image.default\">\n\t\t\t\t<div class=\"elementor-widget-container\">\n\t\t\t\t\t\t\t\t\t\t\t\t\t\t\t<img fetchpriority=\"high\" decoding=\"async\" width=\"752\" height=\"466\" src=\"https:\/\/cranemeditation.com\/wp-content\/uploads\/2022\/05\/IMG_3270-e1653230936247-1024x634.jpeg\" class=\"attachment-large size-large wp-image-581\" alt=\"\" srcset=\"https:\/\/cranemeditation.com\/wp-content\/uploads\/2022\/05\/IMG_3270-e1653230936247-1024x634.jpeg 1024w, https:\/\/cranemeditation.com\/wp-content\/uploads\/2022\/05\/IMG_3270-e1653230936247-300x186.jpeg 300w, https:\/\/cranemeditation.com\/wp-content\/uploads\/2022\/05\/IMG_3270-e1653230936247-768x476.jpeg 768w, https:\/\/cranemeditation.com\/wp-content\/uploads\/2022\/05\/IMG_3270-e1653230936247-1536x952.jpeg 1536w, https:\/\/cranemeditation.com\/wp-content\/uploads\/2022\/05\/IMG_3270-e1653230936247-100x62.jpeg 100w, https:\/\/cranemeditation.com\/wp-content\/uploads\/2022\/05\/IMG_3270-e1653230936247-150x93.jpeg 150w, https:\/\/cranemeditation.com\/wp-content\/uploads\/2022\/05\/IMG_3270-e1653230936247-200x124.jpeg 200w, https:\/\/cranemeditation.com\/wp-content\/uploads\/2022\/05\/IMG_3270-e1653230936247-450x279.jpeg 450w, https:\/\/cranemeditation.com\/wp-content\/uploads\/2022\/05\/IMG_3270-e1653230936247-600x372.jpeg 600w, https:\/\/cranemeditation.com\/wp-content\/uploads\/2022\/05\/IMG_3270-e1653230936247-900x558.jpeg 900w, https:\/\/cranemeditation.com\/wp-content\/uploads\/2022\/05\/IMG_3270-e1653230936247.jpeg 1669w\" sizes=\"(max-width: 752px) 100vw, 752px\" \/>\t\t\t\t\t\t\t\t\t\t\t\t\t\t\t<\/div>\n\t\t\t\t<\/div>\n\t\t\t\t\t<\/div>\n\t\t<\/div>\n\t\t\t\t<div class=\"elementor-column elementor-col-50 elementor-top-column elementor-element elementor-element-6898c0e\" data-id=\"6898c0e\" data-element_type=\"column\" data-e-type=\"column\">\n\t\t\t<div class=\"elementor-widget-wrap elementor-element-populated\">\n\t\t\t\t\t\t<div class=\"elementor-element elementor-element-d276317 elementor-widget elementor-widget-text-editor\" data-id=\"d276317\" data-element_type=\"widget\" data-e-type=\"widget\" data-widget_type=\"text-editor.default\">\n\t\t\t\t<div class=\"elementor-widget-container\">\n\t\t\t\t\t\t\t\t\t<p>According to legend, the person who folds 1000 cranes will be granted their wish and great health.<br \/>This is only one of the reasons, why Origami Cranes are such a powerful symbol for <strong>special occasions<\/strong> and heartfelt <strong>gifts<\/strong>.<\/p>\t\t\t\t\t\t\t\t<\/div>\n\t\t\t\t<\/div>\n\t\t\t\t\t<\/div>\n\t\t<\/div>\n\t\t\t\t\t<\/div>\n\t\t<\/section>\n\t\t\t\t<section class=\"elementor-section elementor-top-section elementor-element elementor-element-31c0413 elementor-section-boxed elementor-section-height-default elementor-section-height-default\" data-id=\"31c0413\" data-element_type=\"section\" data-e-type=\"section\">\n\t\t\t\t\t\t<div class=\"elementor-container elementor-column-gap-default\">\n\t\t\t\t\t<div class=\"elementor-column elementor-col-33 elementor-top-column elementor-element elementor-element-b61e8a5\" data-id=\"b61e8a5\" data-element_type=\"column\" data-e-type=\"column\">\n\t\t\t<div class=\"elementor-widget-wrap elementor-element-populated\">\n\t\t\t\t\t\t<div class=\"elementor-element elementor-element-745f34b elementor-widget elementor-widget-heading\" data-id=\"745f34b\" data-element_type=\"widget\" data-e-type=\"widget\" data-widget_type=\"heading.default\">\n\t\t\t\t<div class=\"elementor-widget-container\">\n\t\t\t\t\t<h3 class=\"elementor-heading-title elementor-size-default\">Paper<\/h3>\t\t\t\t<\/div>\n\t\t\t\t<\/div>\n\t\t\t\t<div class=\"elementor-element elementor-element-59a624a elementor-widget elementor-widget-text-editor\" data-id=\"59a624a\" data-element_type=\"widget\" data-e-type=\"widget\" data-widget_type=\"text-editor.default\">\n\t\t\t\t<div class=\"elementor-widget-container\">\n\t\t\t\t\t\t\t\t\t<p class=\"translation-block\">Our collection of Japanese papers comprises <strong>more than 200 colors<\/strong>. This allows each piece to be <strong>perfectly matched<\/strong> to its individual context and purpose.<\/p>\t\t\t\t\t\t\t\t<\/div>\n\t\t\t\t<\/div>\n\t\t\t\t<div class=\"elementor-element elementor-element-8e91069 elementor-widget elementor-widget-image\" data-id=\"8e91069\" data-element_type=\"widget\" data-e-type=\"widget\" data-widget_type=\"image.default\">\n\t\t\t\t<div class=\"elementor-widget-container\">\n\t\t\t\t\t\t\t\t\t\t\t\t\t\t\t<img decoding=\"async\" width=\"450\" height=\"427\" src=\"https:\/\/cranemeditation.com\/wp-content\/uploads\/2022\/05\/IMG_3361-rotated-e1653179974904-450x427.jpeg\" class=\"attachment-responsive-450 size-responsive-450 wp-image-582\" alt=\"\" srcset=\"https:\/\/cranemeditation.com\/wp-content\/uploads\/2022\/05\/IMG_3361-rotated-e1653179974904-450x427.jpeg 450w, https:\/\/cranemeditation.com\/wp-content\/uploads\/2022\/05\/IMG_3361-rotated-e1653179974904-300x285.jpeg 300w, https:\/\/cranemeditation.com\/wp-content\/uploads\/2022\/05\/IMG_3361-rotated-e1653179974904-1024x973.jpeg 1024w, https:\/\/cranemeditation.com\/wp-content\/uploads\/2022\/05\/IMG_3361-rotated-e1653179974904-768x730.jpeg 768w, https:\/\/cranemeditation.com\/wp-content\/uploads\/2022\/05\/IMG_3361-rotated-e1653179974904-1536x1459.jpeg 1536w, https:\/\/cranemeditation.com\/wp-content\/uploads\/2022\/05\/IMG_3361-rotated-e1653179974904-100x95.jpeg 100w, https:\/\/cranemeditation.com\/wp-content\/uploads\/2022\/05\/IMG_3361-rotated-e1653179974904-150x142.jpeg 150w, https:\/\/cranemeditation.com\/wp-content\/uploads\/2022\/05\/IMG_3361-rotated-e1653179974904-200x190.jpeg 200w, https:\/\/cranemeditation.com\/wp-content\/uploads\/2022\/05\/IMG_3361-rotated-e1653179974904-600x570.jpeg 600w, https:\/\/cranemeditation.com\/wp-content\/uploads\/2022\/05\/IMG_3361-rotated-e1653179974904-900x855.jpeg 900w, https:\/\/cranemeditation.com\/wp-content\/uploads\/2022\/05\/IMG_3361-rotated-e1653179974904.jpeg 1617w\" sizes=\"(max-width: 450px) 100vw, 450px\" \/>\t\t\t\t\t\t\t\t\t\t\t\t\t\t\t<\/div>\n\t\t\t\t<\/div>\n\t\t\t\t\t<\/div>\n\t\t<\/div>\n\t\t\t\t<div class=\"elementor-column elementor-col-33 elementor-top-column elementor-element elementor-element-e5335be\" data-id=\"e5335be\" data-element_type=\"column\" data-e-type=\"column\">\n\t\t\t<div class=\"elementor-widget-wrap elementor-element-populated\">\n\t\t\t\t\t\t<div class=\"elementor-element elementor-element-57948cc elementor-widget elementor-widget-heading\" data-id=\"57948cc\" data-element_type=\"widget\" data-e-type=\"widget\" data-widget_type=\"heading.default\">\n\t\t\t\t<div class=\"elementor-widget-container\">\n\t\t\t\t\t<h3 class=\"elementor-heading-title elementor-size-default\">Motif<\/h3>\t\t\t\t<\/div>\n\t\t\t\t<\/div>\n\t\t\t\t<div class=\"elementor-element elementor-element-d2962cb elementor-widget elementor-widget-text-editor\" data-id=\"d2962cb\" data-element_type=\"widget\" data-e-type=\"widget\" data-widget_type=\"text-editor.default\">\n\t\t\t\t<div class=\"elementor-widget-container\">\n\t\t\t\t\t\t\t\t\t<p class=\"translation-block\">1000 Cranes or individual folds - the art of origami encompasses countless motifs and thus <strong>powerful symbols for every occasion<\/strong>.<\/p>\t\t\t\t\t\t\t\t<\/div>\n\t\t\t\t<\/div>\n\t\t\t\t<div class=\"elementor-element elementor-element-e93634f elementor-widget elementor-widget-image\" data-id=\"e93634f\" data-element_type=\"widget\" data-e-type=\"widget\" data-widget_type=\"image.default\">\n\t\t\t\t<div class=\"elementor-widget-container\">\n\t\t\t\t\t\t\t\t\t\t\t\t\t\t\t<img decoding=\"async\" width=\"450\" height=\"447\" src=\"https:\/\/cranemeditation.com\/wp-content\/uploads\/2022\/05\/IMG_3652-e1653179947209-450x447.jpeg\" class=\"attachment-responsive-450 size-responsive-450 wp-image-587\" alt=\"\" srcset=\"https:\/\/cranemeditation.com\/wp-content\/uploads\/2022\/05\/IMG_3652-e1653179947209-450x447.jpeg 450w, https:\/\/cranemeditation.com\/wp-content\/uploads\/2022\/05\/IMG_3652-e1653179947209-300x298.jpeg 300w, https:\/\/cranemeditation.com\/wp-content\/uploads\/2022\/05\/IMG_3652-e1653179947209-1024x1016.jpeg 1024w, https:\/\/cranemeditation.com\/wp-content\/uploads\/2022\/05\/IMG_3652-e1653179947209-150x149.jpeg 150w, https:\/\/cranemeditation.com\/wp-content\/uploads\/2022\/05\/IMG_3652-e1653179947209-768x762.jpeg 768w, https:\/\/cranemeditation.com\/wp-content\/uploads\/2022\/05\/IMG_3652-e1653179947209-100x99.jpeg 100w, https:\/\/cranemeditation.com\/wp-content\/uploads\/2022\/05\/IMG_3652-e1653179947209-200x199.jpeg 200w, https:\/\/cranemeditation.com\/wp-content\/uploads\/2022\/05\/IMG_3652-e1653179947209-600x596.jpeg 600w, https:\/\/cranemeditation.com\/wp-content\/uploads\/2022\/05\/IMG_3652-e1653179947209-900x893.jpeg 900w, https:\/\/cranemeditation.com\/wp-content\/uploads\/2022\/05\/IMG_3652-e1653179947209.jpeg 1361w\" sizes=\"(max-width: 450px) 100vw, 450px\" \/>\t\t\t\t\t\t\t\t\t\t\t\t\t\t\t<\/div>\n\t\t\t\t<\/div>\n\t\t\t\t\t<\/div>\n\t\t<\/div>\n\t\t\t\t<div class=\"elementor-column elementor-col-33 elementor-top-column elementor-element elementor-element-1debce6\" data-id=\"1debce6\" data-element_type=\"column\" data-e-type=\"column\">\n\t\t\t<div class=\"elementor-widget-wrap elementor-element-populated\">\n\t\t\t\t\t\t<div class=\"elementor-element elementor-element-585897a elementor-widget elementor-widget-heading\" data-id=\"585897a\" data-element_type=\"widget\" data-e-type=\"widget\" data-widget_type=\"heading.default\">\n\t\t\t\t<div class=\"elementor-widget-container\">\n\t\t\t\t\t<h3 class=\"elementor-heading-title elementor-size-default\">Rahmen &amp; Glas<\/h3>\t\t\t\t<\/div>\n\t\t\t\t<\/div>\n\t\t\t\t<div class=\"elementor-element elementor-element-6e39d5f elementor-widget elementor-widget-text-editor\" data-id=\"6e39d5f\" data-element_type=\"widget\" data-e-type=\"widget\" data-widget_type=\"text-editor.default\">\n\t\t\t\t<div class=\"elementor-widget-container\">\n\t\t\t\t\t\t\t\t\t<p class=\"translation-block\">Whether simple or extravagant, in order for the color and composition to be shown to their full advantage, they are <strong>perfectly staged<\/strong> within the right frame.<\/p>\t\t\t\t\t\t\t\t<\/div>\n\t\t\t\t<\/div>\n\t\t\t\t<div class=\"elementor-element elementor-element-54cee1a elementor-widget elementor-widget-image\" data-id=\"54cee1a\" data-element_type=\"widget\" data-e-type=\"widget\" data-widget_type=\"image.default\">\n\t\t\t\t<div class=\"elementor-widget-container\">\n\t\t\t\t\t\t\t\t\t\t\t\t\t\t\t<img loading=\"lazy\" decoding=\"async\" width=\"752\" height=\"684\" src=\"https:\/\/cranemeditation.com\/wp-content\/uploads\/2022\/05\/IMG_3450-e1652909547733-1024x932.jpeg\" class=\"attachment-large size-large wp-image-489\" alt=\"\" srcset=\"https:\/\/cranemeditation.com\/wp-content\/uploads\/2022\/05\/IMG_3450-e1652909547733-1024x932.jpeg 1024w, https:\/\/cranemeditation.com\/wp-content\/uploads\/2022\/05\/IMG_3450-e1652909547733-300x273.jpeg 300w, https:\/\/cranemeditation.com\/wp-content\/uploads\/2022\/05\/IMG_3450-e1652909547733-768x699.jpeg 768w, https:\/\/cranemeditation.com\/wp-content\/uploads\/2022\/05\/IMG_3450-e1652909547733-1536x1398.jpeg 1536w, https:\/\/cranemeditation.com\/wp-content\/uploads\/2022\/05\/IMG_3450-e1652909547733-100x91.jpeg 100w, https:\/\/cranemeditation.com\/wp-content\/uploads\/2022\/05\/IMG_3450-e1652909547733-150x137.jpeg 150w, https:\/\/cranemeditation.com\/wp-content\/uploads\/2022\/05\/IMG_3450-e1652909547733-200x182.jpeg 200w, https:\/\/cranemeditation.com\/wp-content\/uploads\/2022\/05\/IMG_3450-e1652909547733-450x410.jpeg 450w, https:\/\/cranemeditation.com\/wp-content\/uploads\/2022\/05\/IMG_3450-e1652909547733-600x546.jpeg 600w, https:\/\/cranemeditation.com\/wp-content\/uploads\/2022\/05\/IMG_3450-e1652909547733-900x819.jpeg 900w, https:\/\/cranemeditation.com\/wp-content\/uploads\/2022\/05\/IMG_3450-e1652909547733.jpeg 1648w\" sizes=\"(max-width: 752px) 100vw, 752px\" \/>\t\t\t\t\t\t\t\t\t\t\t\t\t\t\t<\/div>\n\t\t\t\t<\/div>\n\t\t\t\t\t<\/div>\n\t\t<\/div>\n\t\t\t\t\t<\/div>\n\t\t<\/section>\n\t\t\t\t<section class=\"elementor-section elementor-top-section elementor-element elementor-element-1467b62 elementor-section-boxed elementor-section-height-default elementor-section-height-default\" data-id=\"1467b62\" data-element_type=\"section\" data-e-type=\"section\">\n\t\t\t\t\t\t<div class=\"elementor-container elementor-column-gap-default\">\n\t\t\t\t\t<div class=\"elementor-column elementor-col-100 elementor-top-column elementor-element elementor-element-3e72353\" data-id=\"3e72353\" data-element_type=\"column\" data-e-type=\"column\">\n\t\t\t<div class=\"elementor-widget-wrap elementor-element-populated\">\n\t\t\t\t\t\t<div class=\"elementor-element elementor-element-4adde7b elementor-widget-divider--view-line elementor-widget elementor-widget-divider\" data-id=\"4adde7b\" data-element_type=\"widget\" data-e-type=\"widget\" data-widget_type=\"divider.default\">\n\t\t\t\t<div class=\"elementor-widget-container\">\n\t\t\t\t\t\t\t<div class=\"elementor-divider\">\n\t\t\t<span class=\"elementor-divider-separator\">\n\t\t\t\t\t\t<\/span>\n\t\t<\/div>\n\t\t\t\t\t\t<\/div>\n\t\t\t\t<\/div>\n\t\t\t\t\t<\/div>\n\t\t<\/div>\n\t\t\t\t\t<\/div>\n\t\t<\/section>\n\t\t\t\t<section class=\"elementor-section elementor-top-section elementor-element elementor-element-85681c8 elementor-section-boxed elementor-section-height-default elementor-section-height-default\" data-id=\"85681c8\" data-element_type=\"section\" data-e-type=\"section\">\n\t\t\t\t\t\t<div class=\"elementor-container elementor-column-gap-default\">\n\t\t\t\t\t<div class=\"elementor-column elementor-col-100 elementor-top-column elementor-element elementor-element-dde1b82\" data-id=\"dde1b82\" data-element_type=\"column\" data-e-type=\"column\">\n\t\t\t<div class=\"elementor-widget-wrap elementor-element-populated\">\n\t\t\t\t\t\t<div class=\"elementor-element elementor-element-0459eaf elementor-widget elementor-widget-heading\" data-id=\"0459eaf\" data-element_type=\"widget\" data-e-type=\"widget\" data-widget_type=\"heading.default\">\n\t\t\t\t<div class=\"elementor-widget-container\">\n\t\t\t\t\t<h2 class=\"elementor-heading-title elementor-size-default\">Recent Commissions<\/h2>\t\t\t\t<\/div>\n\t\t\t\t<\/div>\n\t\t\t\t<div class=\"elementor-element elementor-element-2b9f003 elementor-widget elementor-widget-spacer\" data-id=\"2b9f003\" data-element_type=\"widget\" data-e-type=\"widget\" data-widget_type=\"spacer.default\">\n\t\t\t\t<div class=\"elementor-widget-container\">\n\t\t\t\t\t\t\t<div class=\"elementor-spacer\">\n\t\t\t<div class=\"elementor-spacer-inner\"><\/div>\n\t\t<\/div>\n\t\t\t\t\t\t<\/div>\n\t\t\t\t<\/div>\n\t\t\t\t<div class=\"elementor-element elementor-element-a2378c9 elementor-arrows-position-outside elementor-widget elementor-widget-image-carousel\" data-id=\"a2378c9\" data-element_type=\"widget\" data-e-type=\"widget\" data-settings=\"{&quot;slides_to_show&quot;:&quot;6&quot;,&quot;navigation&quot;:&quot;arrows&quot;,&quot;lazyload&quot;:&quot;yes&quot;,&quot;autoplay&quot;:&quot;yes&quot;,&quot;pause_on_hover&quot;:&quot;yes&quot;,&quot;pause_on_interaction&quot;:&quot;yes&quot;,&quot;autoplay_speed&quot;:5000,&quot;infinite&quot;:&quot;yes&quot;,&quot;speed&quot;:500}\" data-widget_type=\"image-carousel.default\">\n\t\t\t\t<div class=\"elementor-widget-container\">\n\t\t\t\t\t\t\t<div class=\"elementor-image-carousel-wrapper swiper\" role=\"region\" aria-roledescription=\"carousel\" aria-label=\"Image Carousel\" dir=\"ltr\">\n\t\t\t<div class=\"elementor-image-carousel swiper-wrapper\" aria-live=\"off\">\n\t\t\t\t\t\t\t\t<div class=\"swiper-slide\" role=\"group\" aria-roledescription=\"slide\" aria-label=\"1 of 7\" data-no-translation-aria-label=\"\"><figure class=\"swiper-slide-inner\"><img class=\"swiper-slide-image swiper-lazy\" data-src=\"https:\/\/cranemeditation.com\/wp-content\/uploads\/2022\/05\/farbstudie-feuer-skal-300x304.jpeg\" alt=\"Kommission Farbstudie &quot;Feuer&quot;\" \/><div class=\"swiper-lazy-preloader\"><\/div><figcaption class=\"elementor-image-carousel-caption\">Commission Color Study \"Fire\"<\/figcaption><\/figure><\/div><div class=\"swiper-slide\" role=\"group\" aria-roledescription=\"slide\" aria-label=\"2 of 7\" data-no-translation-aria-label=\"\"><figure class=\"swiper-slide-inner\"><img class=\"swiper-slide-image swiper-lazy\" data-src=\"https:\/\/cranemeditation.com\/wp-content\/uploads\/2022\/05\/Minisonnenaufgang-skal-300x300.jpeg\" alt=\"Kommission &quot;Farben&quot;\" \/><div class=\"swiper-lazy-preloader\"><\/div><figcaption class=\"elementor-image-carousel-caption\">Commission \"Colors\"<\/figcaption><\/figure><\/div><div class=\"swiper-slide\" role=\"group\" aria-roledescription=\"slide\" aria-label=\"3 of 7\" data-no-translation-aria-label=\"\"><figure class=\"swiper-slide-inner\"><img class=\"swiper-slide-image swiper-lazy\" data-src=\"https:\/\/cranemeditation.com\/wp-content\/uploads\/2022\/05\/Minisonnenaufgang-2-skal-300x306.jpeg\" alt=\"Kommission &quot;Abendrot&quot;\" \/><div class=\"swiper-lazy-preloader\"><\/div><figcaption class=\"elementor-image-carousel-caption\">Commission \"Dusk\"<\/figcaption><\/figure><\/div><div class=\"swiper-slide\" role=\"group\" aria-roledescription=\"slide\" aria-label=\"4 of 7\" data-no-translation-aria-label=\"\"><figure class=\"swiper-slide-inner\"><img class=\"swiper-slide-image swiper-lazy\" data-src=\"https:\/\/cranemeditation.com\/wp-content\/uploads\/2022\/05\/Farbstudie_skal-300x297.jpeg\" alt=\"Farbstudie Graut\u00f6ne\" \/><div class=\"swiper-lazy-preloader\"><\/div><figcaption class=\"elementor-image-carousel-caption\">Color Study Grey<\/figcaption><\/figure><\/div><div class=\"swiper-slide\" role=\"group\" aria-roledescription=\"slide\" aria-label=\"5 of 7\" data-no-translation-aria-label=\"\"><figure class=\"swiper-slide-inner\"><img class=\"swiper-slide-image swiper-lazy\" data-src=\"https:\/\/cranemeditation.com\/wp-content\/uploads\/2022\/07\/Fokus2-300x300.jpg\" alt=\"Einzelanfertigung &quot;Kabuto&quot;\" \/><div class=\"swiper-lazy-preloader\"><\/div><figcaption class=\"elementor-image-carousel-caption\">Single Piece \"Kabuto\"<\/figcaption><\/figure><\/div><div class=\"swiper-slide\" role=\"group\" aria-roledescription=\"slide\" aria-label=\"6 of 7\" data-no-translation-aria-label=\"\"><figure class=\"swiper-slide-inner\"><img class=\"swiper-slide-image swiper-lazy\" data-src=\"https:\/\/cranemeditation.com\/wp-content\/uploads\/2022\/07\/Fokus3-300x300.jpg\" alt=\"Einzelanfertigung &quot;Kimono&quot;\" \/><div class=\"swiper-lazy-preloader\"><\/div><figcaption class=\"elementor-image-carousel-caption\">Single Piece \"Kimono\"<\/figcaption><\/figure><\/div><div class=\"swiper-slide\" role=\"group\" aria-roledescription=\"slide\" aria-label=\"7 of 7\" data-no-translation-aria-label=\"\"><figure class=\"swiper-slide-inner\"><img class=\"swiper-slide-image swiper-lazy\" data-src=\"https:\/\/cranemeditation.com\/wp-content\/uploads\/2022\/07\/Fokus1-300x300.jpg\" alt=\"Einzelanfertigung &quot;Familie&quot;\" \/><div class=\"swiper-lazy-preloader\"><\/div><figcaption class=\"elementor-image-carousel-caption\">Single Piece \"Family\"<\/figcaption><\/figure><\/div>\t\t\t<\/div>\n\t\t\t\t\t\t\t\t\t\t\t\t<div class=\"elementor-swiper-button elementor-swiper-button-prev\" role=\"button\" tabindex=\"0\">\n\t\t\t\t\t\t<i aria-hidden=\"true\" class=\"eicon-chevron-left\"><\/i>\t\t\t\t\t<\/div>\n\t\t\t\t\t<div class=\"elementor-swiper-button elementor-swiper-button-next\" role=\"button\" tabindex=\"0\">\n\t\t\t\t\t\t<i aria-hidden=\"true\" class=\"eicon-chevron-right\"><\/i>\t\t\t\t\t<\/div>\n\t\t\t\t\n\t\t\t\t\t\t\t\t\t<\/div>\n\t\t\t\t\t\t<\/div>\n\t\t\t\t<\/div>\n\t\t\t\t<div class=\"elementor-element elementor-element-aa7ca1c elementor-widget elementor-widget-spacer\" data-id=\"aa7ca1c\" data-element_type=\"widget\" data-e-type=\"widget\" data-widget_type=\"spacer.default\">\n\t\t\t\t<div class=\"elementor-widget-container\">\n\t\t\t\t\t\t\t<div class=\"elementor-spacer\">\n\t\t\t<div class=\"elementor-spacer-inner\"><\/div>\n\t\t<\/div>\n\t\t\t\t\t\t<\/div>\n\t\t\t\t<\/div>\n\t\t\t\t<div class=\"elementor-element elementor-element-e86363b elementor-align-center elementor-widget elementor-widget-button\" data-id=\"e86363b\" data-element_type=\"widget\" data-e-type=\"widget\" data-widget_type=\"button.default\">\n\t\t\t\t<div class=\"elementor-widget-container\">\n\t\t\t\t\t\t\t\t\t<div class=\"elementor-button-wrapper\">\n\t\t\t\t\t<a class=\"elementor-button elementor-button-link elementor-size-sm\" href=\"#elementor-action%3Aaction%3Dpopup%3Aopen%26settings%3DeyJpZCI6IjEzMjQiLCJ0b2dnbGUiOmZhbHNlfQ%3D%3D\">\n\t\t\t\t\t\t<span class=\"elementor-button-content-wrapper\">\n\t\t\t\t\t\t<span class=\"elementor-button-icon\">\n\t\t\t\t<i aria-hidden=\"true\" class=\"far fa-object-group\"><\/i>\t\t\t<\/span>\n\t\t\t\t\t\t\t\t\t<span class=\"elementor-button-text\">Request Commission<\/span>\n\t\t\t\t\t<\/span>\n\t\t\t\t\t<\/a>\n\t\t\t\t<\/div>\n\t\t\t\t\t\t\t\t<\/div>\n\t\t\t\t<\/div>\n\t\t\t\t\t<\/div>\n\t\t<\/div>\n\t\t\t\t\t<\/div>\n\t\t<\/section>\n\t\t\t\t<\/div>","protected":false},"excerpt":{"rendered":"<p>Kommissionsarbeiten Der Legende nach werden demjenigen, der 1000 Kraniche faltet, ein Wunsch erf\u00fcllt und Gesundheit zuteil.Nicht nur deswegen sind Kraniche ein m\u00e4chtiges Symbol f\u00fcr besondere Anl\u00e4sse und von Herzen kommende Geschenke. Papier Unsere Sammlung japanischer Papiere umfasst mehr als 200 &hellip;<\/p>\n<p class=\"read-more\"> <a class=\"more-link\" href=\"https:\/\/cranemeditation.com\/en\/kommissionen\/\"> <span class=\"screen-reader-text\">Commissions<\/span> Read More &raquo;<\/a><\/p>","protected":false},"author":1,"featured_media":0,"parent":0,"menu_order":0,"comment_status":"closed","ping_status":"closed","template":"elementor_header_footer","meta":{"_monsterinsights_skip_tracking":false,"_monsterinsights_sitenote_active":false,"_monsterinsights_sitenote_note":"","_monsterinsights_sitenote_category":0,"footnotes":""},"class_list":["post-575","page","type-page","status-publish","hentry"],"aioseo_notices":[],"_links":{"self":[{"href":"https:\/\/cranemeditation.com\/en\/wp-json\/wp\/v2\/pages\/575","targetHints":{"allow":["GET"]}}],"collection":[{"href":"https:\/\/cranemeditation.com\/en\/wp-json\/wp\/v2\/pages"}],"about":[{"href":"https:\/\/cranemeditation.com\/en\/wp-json\/wp\/v2\/types\/page"}],"author":[{"embeddable":true,"href":"https:\/\/cranemeditation.com\/en\/wp-json\/wp\/v2\/users\/1"}],"replies":[{"embeddable":true,"href":"https:\/\/cranemeditation.com\/en\/wp-json\/wp\/v2\/comments?post=575"}],"version-history":[{"count":133,"href":"https:\/\/cranemeditation.com\/en\/wp-json\/wp\/v2\/pages\/575\/revisions"}],"predecessor-version":[{"id":1744,"href":"https:\/\/cranemeditation.com\/en\/wp-json\/wp\/v2\/pages\/575\/revisions\/1744"}],"wp:attachment":[{"href":"https:\/\/cranemeditation.com\/en\/wp-json\/wp\/v2\/media?parent=575"}],"curies":[{"name":"wp","href":"https:\/\/api.w.org\/{rel}","templated":true}]}}